{"id":851,"date":"2024-07-27T09:54:46","date_gmt":"2024-07-27T08:54:46","guid":{"rendered":"https:\/\/www.bezirkskonferenz-naturschutz.de\/?page_id=851"},"modified":"2025-01-12T16:52:19","modified_gmt":"2025-01-12T15:52:19","slug":"bk-1998","status":"publish","type":"page","link":"https:\/\/www.bezirkskonferenz-naturschutz.de\/?page_id=851","title":{"rendered":"BK 1996"},"content":{"rendered":"<p>Tagesordnung <a href=\"https:\/\/www.bezirkskonferenz-naturschutz.de\/wp-content\/uploads\/2024\/07\/scan_20240711073336-BZK-22.8.1996-Tagesordnung.pdf\">(pdf)<\/a><\/p>\n<p>Ablauf der Konferenz <a href=\"https:\/\/www.bezirkskonferenz-naturschutz.de\/wp-content\/uploads\/2024\/07\/scan_20240711073343-BZK-22.8.1996-Ablauf-Rede-Vennegerts-.pdf\">(pdf)<\/a><\/p>\n<p>Begr\u00fc\u00dfung der Regierungspr\u00e4sidentin <a href=\"https:\/\/www.bezirkskonferenz-naturschutz.de\/wp-content\/uploads\/2024\/07\/scan_20240711073411-BZK-Vennegerts-Begruessung-und-PK-22.8.1996.pdf\">(pdf)<\/a><\/p>\n","protected":false},"excerpt":{"rendered":"<p>Tagesordnung (pdf) Ablauf der Konferenz (pdf) Begr\u00fc\u00dfung der Regierungspr\u00e4sidentin (pdf)<\/p>\n","protected":false},"author":2,"featured_media":719,"parent":865,"menu_order":0,"comment_status":"closed","ping_status":"closed","template":"onecolumn-page.php","meta":{"footnotes":""},"class_list":["post-851","page","type-page","status-publish","has-post-thumbnail","hentry"],"_links":{"self":[{"href":"https:\/\/www.bezirkskonferenz-naturschutz.de\/index.php?rest_route=\/wp\/v2\/pages\/851"}],"collection":[{"href":"https:\/\/www.bezirkskonferenz-naturschutz.de\/index.php?rest_route=\/wp\/v2\/pages"}],"about":[{"href":"https:\/\/www.bezirkskonferenz-naturschutz.de\/index.php?rest_route=\/wp\/v2\/types\/page"}],"author":[{"embeddable":true,"href":"https:\/\/www.bezirkskonferenz-naturschutz.de\/index.php?rest_route=\/wp\/v2\/users\/2"}],"replies":[{"embeddable":true,"href":"https:\/\/www.bezirkskonferenz-naturschutz.de\/index.php?rest_route=%2Fwp%2Fv2%2Fcomments&post=851"}],"version-history":[{"count":7,"href":"https:\/\/www.bezirkskonferenz-naturschutz.de\/index.php?rest_route=\/wp\/v2\/pages\/851\/revisions"}],"predecessor-version":[{"id":903,"href":"https:\/\/www.bezirkskonferenz-naturschutz.de\/index.php?rest_route=\/wp\/v2\/pages\/851\/revisions\/903"}],"up":[{"embeddable":true,"href":"https:\/\/www.bezirkskonferenz-naturschutz.de\/index.php?rest_route=\/wp\/v2\/pages\/865"}],"wp:featuredmedia":[{"embeddable":true,"href":"https:\/\/www.bezirkskonferenz-naturschutz.de\/index.php?rest_route=\/wp\/v2\/media\/719"}],"wp:attachment":[{"href":"https:\/\/www.bezirkskonferenz-naturschutz.de\/index.php?rest_route=%2Fwp%2Fv2%2Fmedia&parent=851"}],"curies":[{"name":"wp","href":"https:\/\/api.w.org\/{rel}","templated":true}]}}