{"id":77,"date":"2016-03-08T05:51:58","date_gmt":"2016-03-08T04:51:58","guid":{"rendered":"http:\/\/www.bezirkskonferenz-naturschutz.de\/?page_id=77"},"modified":"2024-07-27T12:19:38","modified_gmt":"2024-07-27T11:19:38","slug":"bezirkskonferenz-15-4-2016","status":"publish","type":"page","link":"https:\/\/www.bezirkskonferenz-naturschutz.de\/?page_id=77","title":{"rendered":"BK 2016"},"content":{"rendered":"<p><strong>BK 2016 <\/strong><\/p>\n<h1 id=\"anfangderseite\"><\/h1>\n<h1><span style=\"color: #000000;\">Konferenzthemen<\/span><\/h1>\n<ul>\n<li><a href=\"#Ziel8\">Info zur Tagung<\/a><\/li>\n<li><a href=\"#Ziel9\">Infos f\u00fcr die Medien<\/a><\/li>\n<li><a href=\"#Ziel10\">Nachruf auf Gert Ziegler<\/a><\/li>\n<li><a href=\"#Ziel11\">Bericht des Sprechers<\/a><\/li>\n<li><a href=\"#Ziel12\">Probleme des VSG \u201eWeseraue\u201c und L\u00f6sungsans\u00e4tze<\/a><\/li>\n<li><a href=\"#Ziel13\">Neue Hoffnung f\u00fcr die Oberweser<\/a><\/li>\n<li><a href=\"#Ziel14\">Artenschutz und Windenergie \u2013 Ergebnisse der Progress-Studie des Bu.-Wirtschaftsministerium<\/a><\/li>\n<li><a href=\"#Ziel15\">Das geplante Landesnaturschutzgesetz der Landesregierung und die Biodiversit\u00e4tsstrategie des Landes NRW<\/a><\/li>\n<li><a href=\"#Ziel25\">Resolutionen und Beschl\u00fcsse<\/a><\/li>\n<\/ul>\n<p>&nbsp;<\/p>\n<p><strong>Themen, die Sie sonst noch interessieren k\u00f6nnten<br \/>\n<\/strong><\/p>\n<ul>\n<li><a href=\"#Ziel1\">Bundesverkehrswegeplan<\/a><\/li>\n<li><a href=\"#Ziel2\">Fracking<\/a><\/li>\n<li><a href=\"#Ziel3\">Gew\u00e4sserschutz<\/a><\/li>\n<li><a href=\"#Ziel4\">Landwirtschaft und Naturschutz<\/a><\/li>\n<li><a href=\"#Ziel5\">Landesentwicklungsplan<\/a><\/li>\n<li><a href=\"#Ziel6\">Nationalpark<\/a><\/li>\n<li><a href=\"#Ziel7\">Verschiedenes<\/a><\/li>\n<\/ul>\n<hr id=\"Ziel8\" \/>\n<p><strong>Info zu Tagung<\/strong><\/p>\n<ul>\n<li>Einladungsschreiben <a href=\"https:\/\/www.bezirkskonferenz-naturschutz.de\/wp-content\/uploads\/2016\/03\/Einladung.pdf\">(pdf)<\/a><\/li>\n<li>Tagesordnung und praktische Hinweise zur Tagung <a href=\"https:\/\/www.bezirkskonferenz-naturschutz.de\/wp-content\/uploads\/2016\/03\/Tagesordnung-und-allgemeine-Hinweise.pdf\">(pdf)<\/a><\/li>\n<li>Gesch\u00e4ftsordnung der Bezirkskonferenz <a href=\"https:\/\/www.bezirkskonferenz-naturschutz.de\/wp-content\/uploads\/2016\/03\/Bezirkskonferenz-Naturschutz-Gesch\u00e4ftsordnung.pdf\">(pdf)<\/a><\/li>\n<li>Anfahrt + Lageplan <a href=\"https:\/\/www.bezreg-detmold.nrw.de\/400_WirUeberUns\/030_Die_Behoerde\/080_Anfahrt\/anhaenge\/dtleopold.pdf\">(pdf)<\/a><\/li>\n<\/ul>\n<hr id=\"Ziel9\" \/>\n<p><strong>F\u00fcr die Medien<\/strong><\/p>\n<ul>\n<li>\u00dcber uns &#8211; Wer oder was ist die Bezirkskonferenz <a href=\"https:\/\/www.bezirkskonferenz-naturschutz.de\/wp-content\/uploads\/2016\/03\/Info-ueber-Bezirkskonferenz.pdf\">(pdf)<\/a><\/li>\n<li>Ansprechpartner in der Bezirkskonferenz <a href=\"https:\/\/www.bezirkskonferenz-naturschutz.de\/wp-content\/uploads\/2016\/04\/Bezirkskonferenz-Naturschutz-Kontaktadressen.pdf\">(pdf)<\/a><\/li>\n<li>Pressemitteilung zur Tagung der Bezirkskonferenz am 14.4.2016 <a href=\"https:\/\/www.bezirkskonferenz-naturschutz.de\/wp-content\/uploads\/2016\/04\/PE-zur-Tagung-der-Bezirkskonferenz-Naturschutz-am-15-04-2016.pdf\">(pdf)<\/a><\/li>\n<li>Gru\u00dfworte<\/li>\n<li>Resolutionen und Beschl\u00fcsse (siehe unten)<\/li>\n<\/ul>\n<p><a href=\"#anfangderseite\">nach oben<\/a><\/p>\n<hr id=\"Ziel10\" \/>\n<p><strong>Nachruf auf Gerd Ziegler<\/strong><\/p>\n<ul>\n<li>Nachruf auf Gerd Ziegler <a href=\"https:\/\/www.bezirkskonferenz-naturschutz.de\/wp-content\/uploads\/2016\/04\/Nachruf-auf-Gert-Ziegler-1.pdf\">(pdf)<\/a><\/li>\n<li>Ein halbes Jahrhundert Kampf f\u00fcr den Naturschutz <a href=\"https:\/\/www.bezirkskonferenz-naturschutz.de\/wp-content\/uploads\/2016\/03\/Ein-halbes-Jahrhundert-Kampf-f\u00fcr-den-Naturschutz.pdf\">(Artikel aus dem Mindener Tageblatt vom 13.06.2014)<\/a><\/li>\n<li>NWO-Preis 2006 der Westf. Ornithologen-Gesellschaft <a href=\"https:\/\/www.bezirkskonferenz-naturschutz.de\/wp-content\/uploads\/2016\/03\/NWO-Preis-2006-f\u00fcr-Gert-Ziegler.pdf\">(pdf)<\/a><\/li>\n<li>Gert Ziegler zur Bedeutung der Weserstaustufe <a href=\"http:\/\/www.lwl.org\/wmfn-download\/Abhandlungen\/Abh_41%283+4%291979_Anhang.pdf\">(Anhang zur Avifauna von Westfalen) <\/a><\/li>\n<\/ul>\n<p><a href=\"#anfangderseite\">nach oben<\/a><\/p>\n<hr id=\"Ziel11\" \/>\n<p><strong>Bericht des Sprechers<\/strong><\/p>\n<ul>\n<li>Freigabe erst am Nachmittag des 15.4.20116<\/li>\n<\/ul>\n<hr id=\"Ziel12\" \/>\n<p><strong>Probleme des VSG \u201eWeseraue\u201c und L\u00f6sungsans\u00e4tze<\/strong><\/p>\n<ul>\n<li>Internetseite Vogelschutzgebiet Weseraue (<a href=\"http:\/\/www.weseraue.de\/startseite\/\">http:\/\/www.weseraue.de\/startseite\/)<\/a><\/li>\n<li>Stellungnahme des BUND NRW zum Vogelschutzma\u00dfnahmenplan (VMP) des LANUV, vorgelegt im Januar 2016 <a href=\"https:\/\/www.bezirkskonferenz-naturschutz.de\/wp-content\/uploads\/2016\/03\/Stellungnahme-des-BUND-NRW-zum-VMP-Weseraue.pdf\">(pdf)<\/a><\/li>\n<li>Gebiets\u00fcbersicht (M1:25.000) <a href=\"https:\/\/www.bezirkskonferenz-naturschutz.de\/wp-content\/uploads\/2016\/03\/VSG-Gebietsuebersicht.pdf\">(pdf)<\/a><\/li>\n<li>Gebiets\u00fcbersicht (M1:25.000) mit Besuchereinrichtungen<a href=\"https:\/\/www.bezirkskonferenz-naturschutz.de\/wp-content\/uploads\/2016\/03\/VSG-Gebietsuebersicht-Besuchereinrichtungen.pdf\"> (pdf)<\/a><\/li>\n<\/ul>\n<p><a href=\"#anfangderseite\">nach oben<\/a><\/p>\n<hr id=\"Ziel13\" \/>\n<p><strong>Neue Hoffnung f\u00fcr die Oberweser<\/strong><\/p>\n<ul>\n<li>Entwicklungsperspektiven Oberweser <a href=\"https:\/\/www.bezirkskonferenz-naturschutz.de\/wp-content\/uploads\/2016\/03\/EntwicklungsperspektivenOberweser.pdf\">(pdf)<\/a><\/li>\n<li>Zur Person: Dipl.-Ing. Bernd Schackers, H\u00f6xter <a href=\"https:\/\/www.bezirkskonferenz-naturschutz.de\/wp-content\/uploads\/2016\/03\/Zur-Person-Bernd-Schackers.pdf\">(pdf)<\/a><\/li>\n<\/ul>\n<p><a href=\"#anfangderseite\">nach oben<\/a><\/p>\n<hr id=\"Ziel14\" \/>\n<p><strong>Artenschutz und Windenergie \u2013 Ergebnisse der Progress-Studie des Bu.-Wirtschaftsministerium<\/strong><\/p>\n<ul>\n<li>Zur Person: Prof. Dr. Oliver Kr\u00fcger, Uni Bielefeld (<a href=\"https:\/\/ekvv.uni-bielefeld.de\/pers_publ\/publ\/PersonDetail.jsp?personId=191443\">Link<\/a>)<\/li>\n<li>Progress-Studie des Bundeswirtschaftsministeriums<br \/>\n<a href=\"http:\/\/bioconsult-sh.de\/de\/projekte\/progress\/\">http:\/\/bioconsult-sh.de\/de\/projekte\/progress\/<\/a><\/li>\n<li>NRW Leitfaden Windenergie und Artenschutz <a href=\"https:\/\/www.bezirkskonferenz-naturschutz.de\/wp-content\/uploads\/2016\/03\/NRW_Leitfaden_Windenergie_Artenschutz.pdf\">(pdf)<\/a><\/li>\n<li>Rotmilan, Schwarzstorch, Uhu und Co. &#8211; Gef\u00e4hrdet der Windkraftausbau den Vogelschutz? <a href=\"https:\/\/nrw.nabu.de\/umwelt-und-ressourcen\/energie\/erneuerbare-energie\/windkraft\/20440.html\">(Link)<\/a><\/li>\n<li>Abstandsempfehlungen f\u00fcr Windenergieanlagen zu bedeutsamen Vogellebensr\u00e4umen sowie Brutpl\u00e4tzen ausgew\u00e4hlter Vogelarten (LAG VSW) Stand April 2015 <a href=\"https:\/\/www.bezirkskonferenz-naturschutz.de\/wp-content\/uploads\/2016\/03\/Abstandsempfehlungen-L\u00e4nderarbeitsgemeinschaft-Vogelschutzwarten.pdf\">(pdf)<\/a><\/li>\n<li>Windkraft im Wald &#8211; mehr Schaden als Nutzen <a href=\"https:\/\/www.bezirkskonferenz-naturschutz.de\/wp-content\/uploads\/2016\/03\/Energiewende-Windkraft-im-Wald-mehr-Schaden-als-Nutzen-.pdf\">(pdf)<\/a><\/li>\n<li>M\u00e4usebussard als neuer Problemvogel f\u00fcr die Windkraft <a href=\"https:\/\/www.bezirkskonferenz-naturschutz.de\/wp-content\/uploads\/2016\/03\/Artikel-aus-Erneuerbare-Energien-M\u00e4usebussard-als-neuer-Problemvogel-f\u00fcr-die-Windkraft.pdf\">(Artikel aus Erneuerbare Energien)<\/a><\/li>\n<li>Artikel vom 05.01.2016 aus der SZ: &#8222;Hast Du nen Vogel&#8230;.&#8220;<a href=\"https:\/\/www.bezirkskonferenz-naturschutz.de\/wp-content\/uploads\/2016\/04\/Rotmilan-Windkraft_SZ_05_01_2016.pdf\"> (pdf)<\/a><\/li>\n<li>Artikel vom 08.04.2016 aus der SZ: &#8222;Opfervogel Rotmilan&#8220; <a href=\"https:\/\/www.bezirkskonferenz-naturschutz.de\/wp-content\/uploads\/2016\/04\/SZ-Artikel-vom-08-04-2016_Opfer-Vogel-Rotmilan.pdf\">(pdf)<\/a><\/li>\n<li>NW-Online: Kreis H\u00f6xter 20 Prozent der Windenergie in OWL <a href=\"https:\/\/www.bezirkskonferenz-naturschutz.de\/wp-content\/uploads\/2016\/04\/NW-Online-20-Prozent-der-Windenergie-OWL-im-Kreis-Hx.pdf\">(pdf)<\/a><\/li>\n<\/ul>\n<p><a href=\"#anfangderseite\">nach oben<\/a><\/p>\n<hr id=\"Ziel15\" \/>\n<p><strong>Das geplante Landesnaturschutzgesetz der Landesregierung und die Biodiversit\u00e4tsstrategie des Landes NRW<\/strong><\/p>\n<ul>\n<li>Gesetzentwurf der Landesregierung zum geplanten Landesnaturschutzgesetz \u2013 LNatSchG NRW (<a href=\"http:\/\/www.bbn-online.de\/fileadmin\/RG_Nordrhein-Westfalen\/Anlage_23_LNatSchG-Anhoerung-Entwurf_Stand_22.06.15.pdf\">Link<\/a>)<\/li>\n<li>Stellungnahme zum Entwurf der Landesregierung (Stand: 24.02.2016) <a href=\"https:\/\/www.bezirkskonferenz-naturschutz.de\/wp-content\/uploads\/2016\/03\/Stellungnahmen_zum-Entwurf.pdf\">(pdf)<\/a><\/li>\n<li>Erweiterte Stellungnahme LEE NRW zum LNatSchG <a href=\"https:\/\/www.bezirkskonferenz-naturschutz.de\/wp-content\/uploads\/2016\/03\/Erweiterte-Stellungnahme-LEE-NRW-zum-LNatSchG-Final.pdf\">(pdf)<\/a><\/li>\n<li>Die Biodiversit\u00e4tsstrategie des Landes NRW<br \/>\n(von Oktober 2015) <a href=\"https:\/\/www.umwelt.nrw.de\/fileadmin\/redaktion\/Broschueren\/biodiversitaetsstrategie_nrw_broschuere.pdf\">(pdf) <\/a><\/li>\n<li>PM Minister Remmel: &#8222;Wir wollen unser wertvolles Naturerbe dauerhaft bewahren und sch\u00fctzen&#8220; <a href=\"https:\/\/www.bezirkskonferenz-naturschutz.de\/wp-content\/uploads\/2016\/03\/PM-Remmel-zum-Entwurf-des-neuen-LNSchG.pdf\">(pdf)<\/a><\/li>\n<li>Remmel kommt Bauern beim Landesnaturschutzgesetz entgegen<br \/>\nPM TOP-Agrar am 12.01.2016<a href=\"https:\/\/www.bezirkskonferenz-naturschutz.de\/wp-content\/uploads\/2016\/03\/Remmel-kommt-Bauern-beim-Landesnaturschutzgesetz-entgegen.pdf\"> (pdf)<\/a><\/li>\n<li>Gesetzlicher Schutz f\u00fcr Obstwiesen gefordert<br \/>\nPM des BUND vom 15.02.2016 <a href=\"https:\/\/www.bezirkskonferenz-naturschutz.de\/wp-content\/uploads\/2016\/03\/LNatSchG-Streuobstwiesen-PE-BUND-NRW.pdf\">(pdf)<\/a><\/li>\n<\/ul>\n<p><a href=\"#anfangderseite\">nach oben<\/a><\/p>\n<hr id=\"Ziel25\" \/>\n<p><strong>Resolutionen und Beschl\u00fcsse<\/strong><\/p>\n<ul>\n<li>Resolution zum Vogelschutzgebiet (VSG) Weseraue <a href=\"https:\/\/www.bezirkskonferenz-naturschutz.de\/wp-content\/uploads\/2016\/04\/Resolution-zum-VSG-Weseraue-15-04-2016.pdf\">(pdf)<\/a><\/li>\n<li>Resolution \u201eNeuer Regionalplan f\u00fcr den Regierungsbezirk Detmold\u201c <a href=\"https:\/\/www.bezirkskonferenz-naturschutz.de\/wp-content\/uploads\/2016\/04\/Resolution-Neuer-Regionalplan-fuer-OWL_Stand-15-04-2016.pdf\">(pdf)<\/a><\/li>\n<li>Resolution \u201eUmsetzung der Biodiversit\u00e4tsstrategie des Landes NRW\u201c<a href=\"https:\/\/www.bezirkskonferenz-naturschutz.de\/wp-content\/uploads\/2016\/04\/Resolution-Biodiversit\u00e4t-Stand-15-04-2016.pdf\"> (pdf)<\/a><\/li>\n<li>Resolution zu den Kriterien zur Ausweisung von Gewerbegebieten bei der Erstellung und bei \u00c4nderungen des Regionalplans <a href=\"https:\/\/www.bezirkskonferenz-naturschutz.de\/wp-content\/uploads\/2016\/04\/Resolution-Kriterien-zur-Ausweisung-von-Gewerbegebieten.pdf\">(pdf)<\/a><\/li>\n<\/ul>\n<p>Hier finden Sie im Anschluss der Konferenz die Texte !<\/p>\n<p><a href=\"#anfangderseite\">nach oben<\/a><\/p>\n<hr \/>\n<p>&nbsp;<\/p>\n<h1 id=\"Ziel1\">Themen, die sonst noch interessieren k\u00f6nnen<\/h1>\n<p><strong>Bundesverkehrswegeplan<\/strong><\/p>\n<ul>\n<li>Internetseite des BuVerkehrsMin. zum Bundesverkehrswegeplan <a href=\"http:\/\/www.bmvi.de\/DE\/VerkehrUndMobilitaet\/Verkehrspolitik\/Verkehrsinfrastruktur\/Bundesverkehrswegeplan2030\/bundesverkehrswegeplan2030_node.html\">(Link)<\/a><\/li>\n<li>Projektdossiers (PRINS) zu den einzelnen Projekten des Entwurfes des BVWP 2030 (<a href=\"http:\/\/www.bmvi.de\/\/DE\/VerkehrUndMobilitaet\/Verkehrspolitik\/Verkehrsinfrastruktur\/Bundesverkehrswegeplan2030\/PRINSEinsehen\/prins-einsehen_node.html\">Link<\/a>)<\/li>\n<li>Wie funktioniert PRINS? <a href=\"https:\/\/www.bezirkskonferenz-naturschutz.de\/wp-content\/uploads\/2016\/04\/Wie-funkioniert-das-Projektinfo-system-PRINS-zum-BVWP.pdf\">(pdf)<\/a><\/li>\n<li>Referentenentwurf BVWP 2030 (Stand: M\u00e4rz 2016) <a href=\"http:\/\/init.pro.contentstream.de\/18004initag\/ondemand\/3706initag\/bmvi\/bvwp2030\/bvwp-2030-referentenentwurf.pdf\">(pdf)<\/a><\/li>\n<li>Umweltbericht zum BVWP 2030 (Stand: M\u00e4rz 2016) <a href=\"http:\/\/init.pro.contentstream.de\/18004initag\/ondemand\/3706initag\/bmvi\/bvwp2030\/bvwp-2030-umweltbericht.pdf\">(pdf)<\/a><\/li>\n<li>Infos des Landesb\u00fcros der Naturschutzverb\u00e4nde NRW zum Entwurf des BVWP 2030 (<a href=\"http:\/\/www.lb-naturschutz-nrw.de\/34.html?&amp;cHash=e855d8bd54c1102131d73e92488622d4&amp;tx_ttnews[tt_news]=138\">Link<\/a>)<\/li>\n<li>Informationen des BVMI zum Stellungnahmeverfahren <a href=\"http:\/\/www.bmvi.de\/DE\/VerkehrUndMobilitaet\/Verkehrspolitik\/Verkehrsinfrastruktur\/Bundesverkehrswegeplan2030\/StellungnahmeAbgeben\/stellungnahme_node.html\">(Link)<\/a><\/li>\n<li>Verkehrsprognose 2030 &#8211; Zusammenfassung <a href=\"https:\/\/www.bezirkskonferenz-naturschutz.de\/wp-content\/uploads\/2016\/03\/verkehrsverflechtungsprognose-2030-zusammenfassung.pdf\">(pdf)<\/a><\/li>\n<li>Alles rund um den BVWP 2030: Studien, Berichte und andere Dokumente <a href=\"http:\/\/www.bmvi.de\/DE\/VerkehrUndMobilitaet\/Verkehrspolitik\/Verkehrsinfrastruktur\/Bundesverkehrswegeplan2030\/InhalteHerunterladen\/inhalte_node.html\">(Link)<\/a><\/li>\n<li>Bundesverkehrswegeplan 2003 <a href=\"https:\/\/www.bmvi.de\/SharedDocs\/DE\/Anlage\/VerkehrUndMobilitaet\/Schiene\/2003\/bundesverkehrswege-plan-2003-beschluss-der-bundesregierung-vom-02-juli-2003.pdf?__blob=publicationFile\">(pdf)<\/a><\/li>\n<li>Koalitionsvertrag CDU-SPD zum BVWP Seite 33 ff <a href=\"https:\/\/www.bezirkskonferenz-naturschutz.de\/wp-content\/uploads\/2016\/03\/Koalitionsvertrag-CDU-SPD-zum-BVWPl_S_31.pdf\">(pdf)<\/a><\/li>\n<li>Fraktionsbeschluss B\u00fcndnis 90 &#8211; Die Gr\u00fcnen <a href=\"https:\/\/www.bezirkskonferenz-naturschutz.de\/wp-content\/uploads\/2016\/03\/Fraktionsbeschluss-B\u00fcndnis-90-Die-Gr\u00fcnen-f\u00fcr-einen-Bundesnetzplan.pdf\">(pdf)<br \/>\n<\/a><\/li>\n<li>Einladung Workshops zum aktuellen Bundesverkehrswegeplan (BVWP) <a href=\"https:\/\/www.bezirkskonferenz-naturschutz.de\/wp-content\/uploads\/2016\/04\/BUND-NRW-Einladung_zu-Workshops.pdf\">(pdf) <\/a><\/li>\n<li>Tagesordnung f\u00fcr die Workshops zum BVWP\u00a0 <a href=\"https:\/\/www.bezirkskonferenz-naturschutz.de\/wp-content\/uploads\/2016\/04\/Tagesordnung-Workshop-Bielefeld-zum-Bundesverkehrswegeplan-April-2016.pdf\">(pdf)<\/a><\/li>\n<li>BUND-NRW BUND-Leitfaden zur Beteiligung (pdf)<\/li>\n<li>Pressemitteilung des NRW-Verkehrsministers &#8222;BVWPl &#8211; das gr\u00f6\u00dfte Anti-Stau-Programm das NRW je gesehen hat <a href=\"https:\/\/www.bezirkskonferenz-naturschutz.de\/wp-content\/uploads\/2016\/04\/Pressemitteilung-zum-BVWPl-NRW-Verkehrsmin-Groscheck-vom-16-03-2016.pdf\">(pdf)<\/a><\/li>\n<li>Tagesschau.de: Bundesrechnungshof kritisiert BVWPl &#8211; Kosten sch\u00f6ngerechnet und oft nicht nachvollziehbar <a href=\"https:\/\/www.bezirkskonferenz-naturschutz.de\/wp-content\/uploads\/2016\/04\/Bundesrechnungshof-Kosten-BVWPl-sch\u00f6ngerechnet.pdf\">(pdf)<\/a><\/li>\n<li>PM der BUND-Regionalgruppe OWL: Regionalrat soll runter vom Asphalttrip (pdf)<\/li>\n<\/ul>\n<p><a href=\"#anfangderseite\">nach oben<\/a><\/p>\n<hr id=\"Ziel2\" \/>\n<p><strong>Fracking<\/strong><\/p>\n<ul>\n<li>Die Detmolder Erkl\u00e4rung der Bezirkskonferenz Naturschutz gegen Fracking vom 1. Mai 2014<a href=\"https:\/\/www.bezirkskonferenz-naturschutz.de\/wp-content\/uploads\/2016\/04\/Detmolder-Erkl\u00e4rung-gegen-Fracking_2014_05-01.pdf\"> (pdf)<\/a><\/li>\n<li>\u00d6l- und Gasboom l\u00e4\u00dft Methan-Aussto\u00df ansteigen <a href=\"https:\/\/www.bezirkskonferenz-naturschutz.de\/wp-content\/uploads\/2016\/04\/KIT-Das-KIT-Medien-News-News-2016-\u00d6l-und-Gas-Boom-l\u00e4sst-Methan-Aussto\u00df-ansteigen.pdf\">(Karlsruher Institut f\u00fcr Technologie KIT vom 14.03.2016)<\/a><\/li>\n<li>Aufsuchungfelder in NRW auf der Seite der Bezirksregierung <span class=\"cmp_parsed_location\" data-ce-class=\"Locations\" data-cmp_parsed_location_name=\"Arnsberg\" data-cmp_parsed_location_weather=\"K05958004\" data-cmp_parsed_location_other=\"0\">Arnsberg <a href=\"http:\/\/www.bezreg-arnsberg.nrw.de\/themen\/e\/erdgasaufsuchung_gewinnung\/aufsuchungsfelder\/aufsuchungsfelder_karte.pdf\">(Link)<\/a><\/span><\/li>\n<li>Schreiben der Bez.Reg. Arnsberg, dass in den Feldern <span class=\"cmp_parsed_location\" data-ce-class=\"Locations\" data-cmp_parsed_location_name=\"HERFORD\" data-cmp_parsed_location_weather=\"K05758012\" data-cmp_parsed_location_other=\"0\">HERFORD<\/span>, <span class=\"cmp_parsed_location\" data-ce-class=\"Locations\" data-cmp_parsed_location_name=\"MINDEN\" data-cmp_parsed_location_weather=\"K05770024\" data-cmp_parsed_location_other=\"1\">MINDEN<\/span> und Nordrhein-Westfalen Nord auch in Sandstein \u00a0nach Tight-Gas gebohrt werden darf <a href=\"https:\/\/www.bezirkskonferenz-naturschutz.de\/wp-content\/uploads\/2016\/04\/UIG-Anfrage-Gheorghiu-Sandstein.pdf\">(pdf)<\/a><\/li>\n<li>NW-Artikel vom 7-12-2015: Fracking-Verbot mit Pferdefu\u00df <a href=\"https:\/\/www.bezirkskonferenz-naturschutz.de\/wp-content\/uploads\/2016\/04\/NW-Artikel-Fracking-Verbot-mit-Pferdefu\u00df_07-12-2015.pdf\">(pdf)<\/a><\/li>\n<li>Karte Aufsuchungsfelder NRW-Nord, Herford und Minden\u00a0 <a href=\"https:\/\/www.bezirkskonferenz-naturschutz.de\/wp-content\/uploads\/2016\/04\/Aufsuchungsfelder-NRW-Nord-Herford-Minden.pdf\">(pdf)<\/a><\/li>\n<\/ul>\n<hr id=\"Ziel3\" \/>\n<p><strong>Gew\u00e4sserschutz<\/strong><\/p>\n<ul>\n<li>Europas Gew\u00e4sser am Scheideweg <a href=\"https:\/\/www.bezirkskonferenz-naturschutz.de\/wp-content\/uploads\/2016\/03\/Europas_Gewaesser_am_Scheideweg.pdf\">(pdf)<\/a><\/li>\n<li>Gemeinsame Stellungnahme der Naturschutzverb\u00e4nde in Nordrhein-Westfalen zum Entwurf des Bewirtschaftungsplans und Ma\u00dfnahmenprogramms 2016-2021 f\u00fcr die nordrhein-westf\u00e4lischen Anteile von Rhein, Weser, Ems und Maas (Stand: 19.11.2014) <a href=\"http:\/\/wassernetz-nrw.de\/wp-content\/uploads\/2016\/02\/SN_BWP20150616.pdf\">(Link)<\/a><\/li>\n<li>Belastung von Grundwasser und B\u00e4chen durch Sickerwasser von Maissilos <a href=\"http:\/\/www.vsr-gewaesserschutz.de\/resources\/Gewaesserschutz+News+03+2015+Seite+6$2B7.pdf\">(pdf)<\/a><\/li>\n<li>Wanderfischprogramm NRW 2016-2020 <a href=\"https:\/\/www.umwelt.nrw.de\/fileadmin\/redaktion\/Broschueren\/wanderfischprogramm_nrw_phase_2016_2020.pdf\">(pdf)<\/a><\/li>\n<li>Lachskarte OWL <a href=\"https:\/\/www.bezirkskonferenz-naturschutz.de\/wp-content\/uploads\/2016\/03\/Lachskarte-OWL_klein.jpg\">(jpg)<\/a><\/li>\n<li>Leserbrief zum Lachs in OWL<a href=\"https:\/\/www.bezirkskonferenz-naturschutz.de\/wp-content\/uploads\/2016\/03\/lachs_leserbrief.jpg\"> (jpg)<\/a><\/li>\n<\/ul>\n<p><a href=\"#anfangderseite\">nach oben<\/a><\/p>\n<hr id=\"Ziel4\" \/>\n<p>&nbsp;<\/p>\n<p><strong>Landwirtschaft und Naturschutz<\/strong><\/p>\n<ul>\n<li>MKULNV-Leitfaden &#8222;Umsetzung des Artenschutzes gem\u00e4\u00df \u00a7 44 Abs. 4 BNatSchG in der Landwirtschaft&#8220; vom 05.07.2013 Kiebitzschutz auf Maisanbaufl\u00e4chen vom 28.01.2016 <a href=\"https:\/\/www.bezirkskonferenz-naturschutz.de\/wp-content\/uploads\/2016\/03\/Endfassung13_07_05_mkulnv-leitfaden_artenschutz_landwirtschaft.pdf\">(pdf)<\/a><\/li>\n<li>Rd.-Schreiben MKULNV an die Unteren Landschaftsbeh\u00f6rden\u201eFeindbild Agrarindustrie\u201c Artikel Landwirtschaftliches Wochenblatt zur Artenschutzkonferenz der M\u00fcnsteraner Gr\u00fcnen <a href=\"https:\/\/www.bezirkskonferenz-naturschutz.de\/wp-content\/uploads\/2016\/03\/Bericht-Landw.Wochenblatt-zur-Artenschutzkonferenz-1.jpg\">(jpg)<\/a><\/li>\n<li>Wie l\u00e4sst sich der Sinkflug von Kiebitz, Feldlerche und Co aufhalten?<br \/>\nMaike Wilhelm, Biologische Station Kreis Steinfurt e.V. <a href=\"http:\/\/www.gruene-coe.de\/dokumente\/Artenschutzkonferenz_Muenster_2016_Sinkflug_komprimiert.pdf\">(pdf)<\/a><\/li>\n<li>Auswirkungen der europ\u00e4ischen und deutschen Agrarpolitik und des \u201eGreenings\u201c auf die Biodiversit\u00e4t. Martin H\u00e4usling (MdEP) <a href=\"http:\/\/www.gruene-coe.de\/dokumente\/PP_Haeusling_Biodiversitaet_Muenster_27.2.2016.pdf\">(pdf)<\/a><\/li>\n<li>Artenvielfalt in der Agrarlandschaft? Gr\u00fcne Artenschutzkonferenz inM\u00fcnster 27.2.2016 <a href=\"https:\/\/www.bezirkskonferenz-naturschutz.de\/wp-content\/uploads\/2016\/03\/Artenschutzkonferenz-M\u00fcnster-2016-_Artenvielfalt_in_Agrarlandschaften.pdf\">(pdf)<\/a><\/li>\n<li>Schreiben von Herrn Minister Remmel an das Aktionsb\u00fcndnis L\u00e4ndlicher Raum vom 8.01.2016 <a href=\"https:\/\/www.bezirkskonferenz-naturschutz.de\/wp-content\/uploads\/2016\/03\/8.1.2016_Schreiben_Remmel_an_Aktionsbuendnis_laendlicher_Raum.pdf\">(pdf)<\/a><\/li>\n<li>Sickerw\u00e4sser und G\u00e4rs\u00e4fte- ein Problem aus landwirtschaftlichen Betrieben \u2013<br \/>\nDr. Olaf Niepagenkemper, Fischereiverband NRW<a href=\"http:\/\/www.gruene-coe.de\/dokumente\/Abwasserpilz_2016_4_Artenschutzkonferenz_komprimiert.pdf\"> (pdf)<\/a><\/li>\n<li>Artikel \u00fcber den Insektenr\u00fcckgang von M.Sorg <a href=\"http:\/\/80.153.81.79\/~publ\/mitt-evk-2013-1.pdf\">(pdf)<\/a><\/li>\n<\/ul>\n<hr id=\"Ziel5\" \/>\n<p><strong>Landesentwicklungsplan<\/strong><\/p>\n<ul>\n<li>Informationen zur Landesplanung NRW (<a href=\"https:\/\/land.nrw\/de\/thema\/landesplanung\">Link<\/a>)<\/li>\n<li>Stellungnahme von LNU, BUND u. NABU zum \u00fcberarbeiteten Entwurf f\u00fcr den Landesentwicklungsplan, NRW vom 22.09.2015 <a href=\"https:\/\/www.bezirkskonferenz-naturschutz.de\/wp-content\/uploads\/2016\/03\/Stellungnahme-BUND_LNU_NABU_NRW_LEP_NRW-Entwurf.pdf\">(pdf)<\/a><\/li>\n<li>die sog. Detmoder Erkl\u00e4rung I des Regionalrates zum Landesentwicklungsplan <a href=\"https:\/\/www.bezirkskonferenz-naturschutz.de\/wp-content\/uploads\/2016\/04\/Detmolder_Erkl\u00e4rung_I.pdf\">(pdf)<\/a><\/li>\n<li>die sog. Detmoder Erkl\u00e4rung II des Regionalrates zum Landesentwicklungsplan <a href=\"https:\/\/www.bezirkskonferenz-naturschutz.de\/wp-content\/uploads\/2016\/04\/Detmolder_Erkl\u00e4rung_II.pdf\">(pdf)<\/a><\/li>\n<li><span lang=\"EN-US\">Stellungnahme der Bezirkskonferenz Naturschutz vom 14.01.2016 zur Neuaufstellung des LEP NRW &#8222;Fracking-Verbot&#8220; <a href=\"https:\/\/www.bezirkskonferenz-naturschutz.de\/wp-content\/uploads\/2016\/04\/Brief-Staatskanzlei-LEP-2016-01-15.pdf\">(pdf)<\/a><br \/>\n<\/span><\/li>\n<\/ul>\n<p><a href=\"#anfangderseite\">nach oben<\/a><\/p>\n<hr id=\"Ziel6\" \/>\n<p>&nbsp;<\/p>\n<p><strong>Nationalpark<\/strong><\/p>\n<ul>\n<li>Klientelpolitik oder n\u00f6tige Kehrtwende <a href=\"https:\/\/www.bezirkskonferenz-naturschutz.de\/wp-content\/uploads\/2016\/04\/Interview-zur-Umweltpolitik-NRW-Minister-Remmel-und-Prinz-zur-Lippe.pdf\">(Westfalenblatt-Artikel vom 1. M\u00e4rz 2016)<\/a><\/li>\n<li>Nationalpark Senne &#8211; ein Alleinstellungsmerkmal und Motor f\u00fcr den Tourismus <a href=\"https:\/\/www.bezirkskonferenz-naturschutz.de\/wp-content\/uploads\/2016\/04\/Nationalpark-Ein-Alleinstellungsmerkmal-und-Motor-f\u00fcr-den-Tourismus-02-03-2016.pdf\">(pdf)<\/a><\/li>\n<li>Spannende Senne-Exkursion mit Schulklasse des Grabbe-Gymnasiums Detmold <a href=\"https:\/\/www.bezirkskonferenz-naturschutz.de\/wp-content\/uploads\/2016\/04\/Spannende-Senne-Exkursion-mit-Schulklasse-des-Grabbe-Gymnasiums-Detmold-v.-30-03-2016.pdf\">(pdf)<\/a><\/li>\n<li>Rundbrief Dezember 2015 des Nationalpark-F\u00f6rderverein<a href=\"https:\/\/www.bezirkskonferenz-naturschutz.de\/wp-content\/uploads\/2016\/04\/Rundbrief-F\u00f6rderverein-Nationalpark-Nr.-26-Dez.-2015.pdf\"> (pdf)<\/a><\/li>\n<li>Wolfsmanagement-Plan f\u00fcr NRW<a href=\"https:\/\/www.bezirkskonferenz-naturschutz.de\/wp-content\/uploads\/2016\/04\/Wolfsmanagementplan.pdf\"> (pdf)<\/a><\/li>\n<\/ul>\n<hr id=\"Ziel7\" \/>\n<p><strong>Verschiedenes<\/strong><\/p>\n<ul>\n<li>Aktuelle Entwicklungen im Naturschutz und Naturschutzrecht in NRW Tagungsbericht zur Veranstaltung am 12. September 2015 Landesb\u00fcro der N.-verb\u00e4nde 09\/2015<\/li>\n<\/ul>\n<p><a href=\"#anfangderseite\">nach oben<\/a><\/p>\n","protected":false},"excerpt":{"rendered":"<p>BK 2016 Konferenzthemen Info zur Tagung Infos f\u00fcr die Medien Nachruf auf Gert Ziegler Bericht des Sprechers Probleme des VSG \u201eWeseraue\u201c und L\u00f6sungsans\u00e4tze Neue Hoffnung f\u00fcr die Oberweser Artenschutz und Windenergie \u2013 Ergebnisse der Progress-Studie des Bu.-Wirtschaftsministerium Das geplante Landesnaturschutzgesetz &hellip; <a href=\"https:\/\/www.bezirkskonferenz-naturschutz.de\/?page_id=77\">Weiterlesen <span class=\"meta-nav\">&rarr;<\/span><\/a><\/p>\n","protected":false},"author":2,"featured_media":0,"parent":865,"menu_order":0,"comment_status":"closed","ping_status":"closed","template":"","meta":{"footnotes":""},"class_list":["post-77","page","type-page","status-publish","hentry"],"_links":{"self":[{"href":"https:\/\/www.bezirkskonferenz-naturschutz.de\/index.php?rest_route=\/wp\/v2\/pages\/77"}],"collection":[{"href":"https:\/\/www.bezirkskonferenz-naturschutz.de\/index.php?rest_route=\/wp\/v2\/pages"}],"about":[{"href":"https:\/\/www.bezirkskonferenz-naturschutz.de\/index.php?rest_route=\/wp\/v2\/types\/page"}],"author":[{"embeddable":true,"href":"https:\/\/www.bezirkskonferenz-naturschutz.de\/index.php?rest_route=\/wp\/v2\/users\/2"}],"replies":[{"embeddable":true,"href":"https:\/\/www.bezirkskonferenz-naturschutz.de\/index.php?rest_route=%2Fwp%2Fv2%2Fcomments&post=77"}],"version-history":[{"count":180,"href":"https:\/\/www.bezirkskonferenz-naturschutz.de\/index.php?rest_route=\/wp\/v2\/pages\/77\/revisions"}],"predecessor-version":[{"id":870,"href":"https:\/\/www.bezirkskonferenz-naturschutz.de\/index.php?rest_route=\/wp\/v2\/pages\/77\/revisions\/870"}],"up":[{"embeddable":true,"href":"https:\/\/www.bezirkskonferenz-naturschutz.de\/index.php?rest_route=\/wp\/v2\/pages\/865"}],"wp:attachment":[{"href":"https:\/\/www.bezirkskonferenz-naturschutz.de\/index.php?rest_route=%2Fwp%2Fv2%2Fmedia&parent=77"}],"curies":[{"name":"wp","href":"https:\/\/api.w.org\/{rel}","templated":true}]}}