{"id":482,"date":"2019-03-10T16:54:43","date_gmt":"2019-03-10T15:54:43","guid":{"rendered":"http:\/\/www.bezirkskonferenz-naturschutz.de\/?page_id=482"},"modified":"2024-07-27T12:19:18","modified_gmt":"2024-07-27T11:19:18","slug":"bk-2019","status":"publish","type":"page","link":"https:\/\/www.bezirkskonferenz-naturschutz.de\/?page_id=482","title":{"rendered":"BK 2019"},"content":{"rendered":"<p><strong>Bezirkskonferenz 2019 &#8211; \u201eWald der Zukunft \u2013 Zukunft des Waldes\u201c<\/strong><\/p>\n<p><strong>Medienberichte<\/strong><\/p>\n<p>Neue Westf\u00e4lische <a href=\"https:\/\/www.bezirkskonferenz-naturschutz.de\/wp-content\/uploads\/2019\/04\/Presseartikel-Neue-Westf\u00e4lische-vom-06-04-2019.pdf.jpg\">(pdf)<\/a><br \/>\nDie Glocke <a href=\"https:\/\/www.bezirkskonferenz-naturschutz.de\/wp-content\/uploads\/2019\/04\/Presseartikel-Die-Glocke-vom-06-04-2019.pdf\">(pdf)<\/a><\/p>\n<p><strong>Infos zur Tagung<\/strong><br \/>\nInfoschreiben zur Einladung vom 12. M\u00e4rz 2019 <a href=\"https:\/\/www.bezirkskonferenz-naturschutz.de\/wp-content\/uploads\/2019\/03\/Infoschreiben.pdf\">(pdf)<\/a><br \/>\nTagesordnung (Stand: 17.03.2019) <a href=\"https:\/\/www.bezirkskonferenz-naturschutz.de\/wp-content\/uploads\/2019\/03\/Tagesordnung_Stand-17-03-2019.pdf\">(pdf)<\/a><br \/>\nWegbeschreibung <a href=\"https:\/\/www.bezirkskonferenz-naturschutz.de\/wp-content\/uploads\/2019\/03\/Wegbeschreibung-zur-BezReg-DT.pdf\">(pdf)<\/a><br \/>\nAllgemeine Hinweise zur Tagung <a href=\"https:\/\/www.bezirkskonferenz-naturschutz.de\/wp-content\/uploads\/2019\/03\/Allgemeine-Hinweise-zur-Tagung.pdf\">(pdf)<\/a><br \/>\nGesch\u00e4ftsordnung der Bezirkskonferenz <a href=\"https:\/\/www.bezirkskonferenz-naturschutz.de\/wp-content\/uploads\/2019\/03\/Bezirkskonferenz-Naturschutz-Gesch\u00e4ftsordnung.pdf\">(pdf)<\/a><\/p>\n<p><strong>Infos f\u00fcr die Medien <\/strong><br \/>\nPressemitteilung zur Tagung der Bezirkskonferenz am 05.04.2019 -wird nachgereicht-<br \/>\n\u00dcber uns \u2013 Wer oder was ist die Bezirkskonferenz Naturschutz in OWL <a href=\"https:\/\/www.bezirkskonferenz-naturschutz.de\/wp-content\/uploads\/2019\/03\/Infos-zur-Bezirkskonferenz.pdf\">(pdf)<\/a><br \/>\nBericht von Karsten Otte (Sprecher der Bezirkskonferenz Naturschutz)\u00a0 <a href=\"https:\/\/www.bezirkskonferenz-naturschutz.de\/wp-content\/uploads\/2019\/04\/Bezirkskonferenz-Naturschutz-Rechenschaftsbericht-2018-2019_Otte.pdf\">(pdf)<\/a><\/p>\n<p><strong>Referate<\/strong><\/p>\n<p>\u2022 Wald der Zukunft \u2013 das Waldbaukonzept NRW <a href=\"http:\/\/besenkamp.de\/vortrag-wiebe-das-waldbaukonzept-nrw\">(pdf)<\/a><br \/>\nAndreas Wiebe, Leiter des Landesbetriebs Wald und Holz NRW<\/p>\n<p>\u2022 Wald und Klimawandel &#8211; Perspektiven f\u00fcr den Wald der Zukunft in OWL<br \/>\nRoland Schockem\u00f6hle, Leiter des Forstamtes Hochstift<\/p>\n<p>\u2022 Klimawald mit nichtheimischen Baumarten versus Wald-Naturschutz?<br \/>\nDr. Anke H\u00f6ltermann, Bundesamt f\u00fcr Naturschutz (BfN) <a href=\"https:\/\/www.bezirkskonferenz-naturschutz.de\/wp-content\/uploads\/2019\/04\/Vortrag-Dr-H\u00f6ltermann_Klimawald-mit-gebietsfremden-Baumarten-versus-Wald-Naturschutz.pdf\">(pdf)<\/a><\/p>\n<p>\u2022 Wald und Klimawald \u2013 Potentiale von Naturw\u00e4ldern und \u00f6kosystemvertr\u00e4glicher Waldbewirtschaftung<br \/>\nDr. Torsten Welle, Naturwald-Akademie<\/p>\n<p>\u2022 Auswirkungen der neuen Holzvermarktungsstrukturen auf den Wald<br \/>\nDr. Rainer Joosten, Leiter des Referats Waldbau, Klimawandel im Wald, Holzwirtschaft im MUNLV<\/p>\n<p><strong>Resolutionen und Beschl\u00fcsse<\/strong><\/p>\n<p>\u2022 W\u00e4lder fit machen f\u00fcr den Klimawandel \u2013 Waldbaukonzept NRW \u00fcberarbeiten <a href=\"https:\/\/www.bezirkskonferenz-naturschutz.de\/wp-content\/uploads\/2019\/03\/Bezirkskonferenz-Naturschutz-OWL-Beschlussvorlage-zum-Waldbau-in-NRW-Stand-17-03-2019.pdf\">(Entwurf)<\/a> (pdf)<br \/>\n\u2022 Zukunft der Senne \u2013 Nachhaltigkeit statt Entfesselung <a href=\"https:\/\/www.bezirkskonferenz-naturschutz.de\/wp-content\/uploads\/2019\/04\/Beschlussvorlagen-f\u00fcr-5.4.2019-erg\u00e4nzt-um-Open-Senne.pdf\">(Entwurf)<\/a> (pdf)<br \/>\nLandes- und Regionalplanung auf nachhaltige Fl\u00e4chenentwicklung ausrichten <a href=\"https:\/\/www.bezirkskonferenz-naturschutz.de\/wp-content\/uploads\/2019\/03\/LEP-2019-Resolution-Bez-konferenz_Stand-17-03-2019.pdf\">(Entwurf)<\/a> (pdf)<\/p>\n<p><strong>Materialien <\/strong><\/p>\n<p><strong>zum Thema Wald und Klimawandel<\/strong><\/p>\n<p>Waldbaukonzept Nordrhein-Westfalen &#8211; Empfehlungen f\u00fcr eine nachhaltige Waldbewirtschaftung<br \/>\n<a href=\"https:\/\/www.umwelt.nrw.de\/fileadmin\/redaktion\/Broschueren\/waldbaukonzept_nrw.pdf\">https:\/\/www.umwelt.nrw.de\/fileadmin\/redaktion\/Broschueren\/waldbaukonzept_nrw.pdf <\/a><br \/>\nNABU &#8211; Waldbaukonzept des Landes stellt die Weichen falsch <a href=\"https:\/\/www.bezirkskonferenz-naturschutz.de\/wp-content\/uploads\/2019\/03\/2-NABU-Waldbaukonzept-des-Landes-stellt-die-Weichen-falsch.pdf\">(pdf)<\/a><\/p>\n<p>NRW Cluster Forstholz und Klimaschutz<br \/>\n<a href=\"https:\/\/www.umwelt.nrw.de\/fileadmin\/redaktion\/Broschueren\/130422_nrw_cluster_forstholz_klimaschutz_kurz.pdf\">https:\/\/www.umwelt.nrw.de\/fileadmin\/redaktion\/Broschueren\/130422_nrw_cluster_forstholz_klimaschutz_kurz.pdf <\/a><\/p>\n<p>Klimanpassungsstrategie Wald NRW <a href=\"https:\/\/www.umwelt.nrw.de\/fileadmin\/redaktion\/Broschueren\/Klimaanpassungsstrategie_Wald_NRW.pdf\">https:\/\/www.umwelt.nrw.de\/fileadmin\/redaktion\/Broschueren\/Klimaanpassungsstrategie_Wald_NRW.pdf <\/a><\/p>\n<p>Naturschutzfachliche Bewertung der Douglasie aus Sicht des Bundesamtes f\u00fcr Naturschutz_BfN <a href=\"https:\/\/www.bezirkskonferenz-naturschutz.de\/wp-content\/uploads\/2019\/03\/5-Naturschutzfachliche-Bewertung-der-Douglasie-aus-Sicht-des-Bundesamtes-f\u00fcr-Naturschutz_BfN.pdf\">(pdf)<\/a><\/p>\n<p>Wald und Klimaschutz in NRW &#8211; Beitrag des NRW Clusters ForstHolz zum Klimaschutz \u2013 Kurzfassung der Studie<br \/>\n<a href=\"https:\/\/www.umwelt.nrw.de\/fileadmin\/redaktion\/Broschueren\/130422_nrw_cluster_forstholz_klimaschutz_kurz.pdf\">https:\/\/www.umwelt.nrw.de\/fileadmin\/redaktion\/Broschueren\/130422_nrw_cluster_forstholz_klimaschutz_kurz.pdf <\/a><\/p>\n<p>BMU\/BfN &#8211; Waldbau und Baumartenwahl in Zeiten des Klimawandels aus Sicht des Naturschutzes<br \/>\n<a href=\"https:\/\/www.bmu.de\/fileadmin\/bmu-import\/files\/pdfs\/allgemein\/application\/pdf\/3508_84_0200_waldbau.pdf\">https:\/\/www.bmu.de\/fileadmin\/bmu-import\/files\/pdfs\/allgemein\/application\/pdf\/3508_84_0200_waldbau.pdf<\/a><\/p>\n<p>Wald und Waldmanagement im Klimawandel<br \/>\n<a href=\"https:\/\/www.umwelt.nrw.de\/mediathek\/broschueren\/detailseite-broschueren\/?no_cache=1&amp;broschueren_id=4953\">https:\/\/www.umwelt.nrw.de\/mediathek\/broschueren\/detailseite-broschueren\/?no_cache=1&amp;broschueren_id=4953<\/a><\/p>\n<p>Klimawandel \u2013 Wie NRW-Umweltministerin Heinen-Esser den Wald retten will <a href=\"https:\/\/www.bezirkskonferenz-naturschutz.de\/wp-content\/uploads\/2019\/03\/8-Klimawandel-Wie-NRW-Umweltministerin-Heinen-Esser-den-Wald-retten-will.pdf\">(pdf)<\/a><\/p>\n<p>Stellungnahme des BUND NRW zum Waldbaukonzept NRW <a href=\"https:\/\/www.bezirkskonferenz-naturschutz.de\/wp-content\/uploads\/2019\/03\/10-Stellungnahme-BUND-zum-Entwurf-des-Waldbaukonzepts-NRW.pdf\">(pdf)<\/a><\/p>\n<p><strong>zum Thema \u201eLandes- und Regionalplanung\u201c <\/strong><\/p>\n<p>Resolution Bezirkskonferenz Naturschutz vom 15.04.2016 zum neuen OWL-Regionalplan <a href=\"https:\/\/www.bezirkskonferenz-naturschutz.de\/wp-content\/uploads\/2019\/03\/1-Resolution-BezKonf-Naturschutz-zum-neuen-Regionalplan-fuer-OWL_Stand-15-04-2016.pdf\">(pdf)<\/a><\/p>\n<p>Resolution Bezirkskonferenz Naturschutz vom 15.04.2016 zur Ausweisung von Gewerbegebieten im neuen Regionalplan <a href=\"https:\/\/www.bezirkskonferenz-naturschutz.de\/wp-content\/uploads\/2019\/03\/2-Resolution-BezKonf-Naturschutz-Kriterien-zur-Ausweisung-von-Gewerbegebieten-im-neuen-Regionalplan-Stand-15-04-2016.pdf\">(pdf)<\/a><\/p>\n<p>Stellungnahme der NRW-Naturschutzverb\u00e4nde zum Scoping zur \u00c4nderung des LEP\u2019s vom 22.01.2018 <a href=\"https:\/\/www.bezirkskonferenz-naturschutz.de\/wp-content\/uploads\/2019\/03\/3-Stellungnahme-der-NRW-Naturschutzverb\u00e4nde-zum-Scoping-zur-\u00c4nderung-des-LEPs_Stand-22-01-2018.pdf\">(pdf)<\/a><\/p>\n<p>Stellungnahme der NRW-Naturschutzverb\u00e4nde zum LEP-Entwurf vom 17.04.2018 <a href=\"https:\/\/www.bezirkskonferenz-naturschutz.de\/wp-content\/uploads\/2019\/03\/4-Stellungnahme-der-NRW-Naturschutzverb\u00e4nde-zum_LEP-Entwurf_17-04-2018.pdf\">(pdf)<\/a><\/p>\n<p>Presseerkl\u00e4rung der Naturschutzverb\u00e4nde zur geplanten \u00c4nderung des LEP 18.07.2018 <a href=\"https:\/\/www.bezirkskonferenz-naturschutz.de\/wp-content\/uploads\/2019\/03\/5-Presseerkl\u00e4rung-der-Naturschutzverb\u00e4nde-zur-geplanten-\u00c4nderung-des-Landesentwicklungsplanes-18-07-2018.pdf\">(pdf)<\/a><\/p>\n<p>Synopse LEP Kabinettsbeschluss mit Kommentaren 18.01.2019 <a href=\"https:\/\/www.bezirkskonferenz-naturschutz.de\/wp-content\/uploads\/2019\/03\/6-Synopse-LEP-Kabinettsbeschluss_mit-Kommentaren-18-01-2019.pdf\">(pdf)<\/a><\/p>\n<p>NRW-Landtag entscheidet \u00fcber Landesentwicklungsplan Beton gegen Natur_WDR 10-03-2019 <a href=\"https:\/\/www.bezirkskonferenz-naturschutz.de\/wp-content\/uploads\/2019\/03\/7-NRW-Landtag-entscheidet-\u00fcber-Landesentwicklungsplan_-Beton-gegen-Natur_WDR_10-03-2019.pdf\">(pdf)<\/a><\/p>\n<p><strong>Zukunft f\u00fcr die Senne <\/strong><\/p>\n<ul>\n<li>Resolution des F\u00f6rdervereins Nationalpark Senne-Eggegebirge e.V. vom 5.5.2018 <a href=\"https:\/\/www.bezirkskonferenz-naturschutz.de\/wp-content\/uploads\/2019\/03\/2-Resolution-Mitgliederversammlung-FV-zum-LEP-NRW-vom-05-05-2018.pdf\">(pdf)<\/a><\/li>\n<li>Stellungnahme des F\u00f6rdervereins Nationalpark Senne-Eggegebirge e.V. im Rahmen des LEP-\u00c4nderungsverfahrens vom 30. Juni 2018 <a href=\"https:\/\/www.bezirkskonferenz-naturschutz.de\/wp-content\/uploads\/2019\/03\/1-Stellungnahme-des-FV-vom-30-06-2018-an-Minister-Pinkwart-zum-LEP-\u00c4nderungs-Entwurf.pdf\">(pdf)<\/a><\/li>\n<li>Ergebnis der Kantar-Emnid-Umfrage vom Mai\/Juni 2018, pdf Graphiken<a href=\"https:\/\/www.bezirkskonferenz-naturschutz.de\/wp-content\/uploads\/2019\/03\/3-Kantar-Emnid-Ergebnisse-Nationalpark-Senne-Grafiken.pdf\"> (pdf)<\/a><\/li>\n<li>PM des F\u00f6rdervereins Nationalpark Senne-Eggegebirge e.V. nach Auswertung der eingegangenen Stellungnahmen im LEP-\u00c4nderungsverfahren noch vor dem Kabinettsbeschluss im Februar 2019 <a href=\"https:\/\/www.bezirkskonferenz-naturschutz.de\/wp-content\/uploads\/2019\/03\/4-PM-FVB-zu-LEP-NRW-vor-Kabinettsbeschluss.pdf\">(pdf)<\/a><\/li>\n<li>PM BUND, LNU und NABU zum Nationalpark Senne im LEP-Verfahren nach dem Kabinettsbeschluss 2019<a href=\"https:\/\/www.bezirkskonferenz-naturschutz.de\/wp-content\/uploads\/2019\/03\/5-PM-NABU-BUND-LNU-gegen-Streichung-Nationalpark-Senne-im-LEP.pdf\"> (pdf)<\/a><\/li>\n<li>Resolution des F\u00f6rdervereins Nationalpark Senne-Eggegebirge e.V. <a href=\"https:\/\/www.bezirkskonferenz-naturschutz.de\/wp-content\/uploads\/2019\/03\/6-Resolution-Mitgliederversammlung-FV-vom-05-05-2018-zur-Aufnahme-NP-Senn-in-Regionalplan.pdf\">(pdf)<\/a><\/li>\n<li>Resolution des F\u00f6rdervereins Nationalpark Senne-Eggegebirge e.V. \u00a0Antrag auf Aufnahme der Senne in das Nationale Naturerbe vom 5.5.2018, <a href=\"https:\/\/www.bezirkskonferenz-naturschutz.de\/wp-content\/uploads\/2019\/03\/8-Antrag-Nationales-Naturerbe-Resolution-5.5.2018.pdf\">(pdf)<\/a><\/li>\n<li>Rundbrief 29,\u00a0 des F\u00f6rdervereins Nationalpark Senne-Eggegebirge e.V. Dezember 2018 zu den Themen &#8230;LEP-Verfahren, Verbleib der Briten auf dem T\u00dcP-\u00dcbergangsl\u00f6sung, Waldbewirtschaftung auf dem T\u00dcP Senne, Arbeitskreis Milit\u00e4r und Naturschutz auf dem T\u00dcP Senne, etc., <a href=\"https:\/\/www.bezirkskonferenz-naturschutz.de\/wp-content\/uploads\/2019\/03\/9-Rundbrief-Nr-29-von-Dezember-2018.pdf\">(pdf)<\/a><\/li>\n<li>\u00a0Zeitungsartikel der LZ zum Betretungsrecht der Senne <a href=\"https:\/\/www.bezirkskonferenz-naturschutz.de\/wp-content\/uploads\/2019\/04\/LZ-Artikel-2.4.2019-zu-Betretung-Senne.pdf\">(pdf)<\/a><\/li>\n<\/ul>\n<p>&nbsp;<\/p>\n","protected":false},"excerpt":{"rendered":"<p>Bezirkskonferenz 2019 &#8211; \u201eWald der Zukunft \u2013 Zukunft des Waldes\u201c Medienberichte Neue Westf\u00e4lische (pdf) Die Glocke (pdf) Infos zur Tagung Infoschreiben zur Einladung vom 12. M\u00e4rz 2019 (pdf) Tagesordnung (Stand: 17.03.2019) (pdf) Wegbeschreibung (pdf) Allgemeine Hinweise zur Tagung (pdf) Gesch\u00e4ftsordnung &hellip; <a href=\"https:\/\/www.bezirkskonferenz-naturschutz.de\/?page_id=482\">Weiterlesen <span class=\"meta-nav\">&rarr;<\/span><\/a><\/p>\n","protected":false},"author":2,"featured_media":0,"parent":865,"menu_order":0,"comment_status":"closed","ping_status":"closed","template":"","meta":{"footnotes":""},"class_list":["post-482","page","type-page","status-publish","hentry"],"_links":{"self":[{"href":"https:\/\/www.bezirkskonferenz-naturschutz.de\/index.php?rest_route=\/wp\/v2\/pages\/482"}],"collection":[{"href":"https:\/\/www.bezirkskonferenz-naturschutz.de\/index.php?rest_route=\/wp\/v2\/pages"}],"about":[{"href":"https:\/\/www.bezirkskonferenz-naturschutz.de\/index.php?rest_route=\/wp\/v2\/types\/page"}],"author":[{"embeddable":true,"href":"https:\/\/www.bezirkskonferenz-naturschutz.de\/index.php?rest_route=\/wp\/v2\/users\/2"}],"replies":[{"embeddable":true,"href":"https:\/\/www.bezirkskonferenz-naturschutz.de\/index.php?rest_route=%2Fwp%2Fv2%2Fcomments&post=482"}],"version-history":[{"count":66,"href":"https:\/\/www.bezirkskonferenz-naturschutz.de\/index.php?rest_route=\/wp\/v2\/pages\/482\/revisions"}],"predecessor-version":[{"id":595,"href":"https:\/\/www.bezirkskonferenz-naturschutz.de\/index.php?rest_route=\/wp\/v2\/pages\/482\/revisions\/595"}],"up":[{"embeddable":true,"href":"https:\/\/www.bezirkskonferenz-naturschutz.de\/index.php?rest_route=\/wp\/v2\/pages\/865"}],"wp:attachment":[{"href":"https:\/\/www.bezirkskonferenz-naturschutz.de\/index.php?rest_route=%2Fwp%2Fv2%2Fmedia&parent=482"}],"curies":[{"name":"wp","href":"https:\/\/api.w.org\/{rel}","templated":true}]}}