{"id":366,"date":"2018-01-06T17:43:12","date_gmt":"2018-01-06T16:43:12","guid":{"rendered":"http:\/\/www.bezirkskonferenz-naturschutz.de\/?page_id=366"},"modified":"2024-07-27T12:18:23","modified_gmt":"2024-07-27T11:18:23","slug":"bezirkskonferenz-2018","status":"publish","type":"page","link":"https:\/\/www.bezirkskonferenz-naturschutz.de\/?page_id=366","title":{"rendered":"BK 2018"},"content":{"rendered":"<h1 id=\"anfangderseite\"><\/h1>\n<p><strong>Konferenzthemen<\/strong><\/p>\n<ul>\n<li><a href=\"#Ziel1\">Info zur Tagung<\/a><\/li>\n<li><a href=\"#Ziel2\">Infos f\u00fcr die Medien<\/a><\/li>\n<li><a href=\"#Ziel3\">Bericht des Sprechers<\/a><\/li>\n<li>Das Verschwinden der Insekten &#8211; Beobachtungen, Ursachen und L\u00f6sungsans\u00e4tze<\/li>\n<li><a href=\"#Ziel4\">Umsetzung der Wasserrahmenrichtlinie<\/a><\/li>\n<li><a href=\"#Ziel5\">Resolutionen und Beschl\u00fcsse<\/a><\/li>\n<li>Weitere Themen<\/li>\n<\/ul>\n<hr id=\"Ziel1\" \/>\n<p><strong>Info zur Tagung<\/strong><\/p>\n<ul>\n<li>Wegbeschreibung <a href=\"https:\/\/www.bezirkskonferenz-naturschutz.de\/wp-content\/uploads\/2018\/03\/Wegbeschreibung-Bezirksregierung-Detmold.pdf\">(pdf)<\/a><\/li>\n<li><a href=\"https:\/\/www.bezirkskonferenz-naturschutz.de\/wp-content\/uploads\/2018\/03\/1aTagungsablauf_Stand-22-03-2018.pdf\">Tagungsablauf<\/a><\/li>\n<\/ul>\n<hr id=\"Ziel2\" \/>\n<p><strong>Infos f\u00fcr die Medien<\/strong><\/p>\n<ul>\n<li><a href=\"https:\/\/www.bezirkskonferenz-naturschutz.de\/wp-content\/uploads\/2018\/03\/PE-Bezirkskonferenz-Naturschutz-2018.doc\">Presseerkl\u00e4rung<\/a><\/li>\n<\/ul>\n<p><a href=\"#anfangderseite\">nach oben<\/a><\/p>\n<hr id=\"Ziel3\" \/>\n<p><strong>Bericht des Sprechers<\/strong><\/p>\n<ul>\n<li>Bericht von Karsten Otte als Sprecher der Bezirkskonferenz Naturschutz <a href=\"https:\/\/www.bezirkskonferenz-naturschutz.de\/wp-content\/uploads\/2018\/03\/Bericht-des-Sprechers-Bezirkskonferenz-Naturschutz-2018-Stand-23-03-2018.pdf\">(pdf)<\/a><\/li>\n<\/ul>\n<hr id=\"Ziel4\" \/>\n<p><strong>Umsetzung der Wasserrahmenrichtlinie<\/strong><\/p>\n<ul>\n<li>Umsetzung der Wasserrahmenrichtlinie in OWL\u00a0 &#8211; Defizite und Forderungen &#8211; Vortrag von Dr. Manfred D\u00fcmmer <a href=\"https:\/\/www.bezirkskonferenz-naturschutz.de\/wp-content\/uploads\/2018\/03\/Referat-Umsetzung-der-Wasserrahmenrichtlinie-in-OWL-Bezirkskonferenz_DT_23-03-2018-Teil-1.pdf\">(Teil1)<\/a> <a href=\"https:\/\/www.bezirkskonferenz-naturschutz.de\/wp-content\/uploads\/2018\/03\/Referat-Umsetzung-der-Wasserrahmenrichtlinie-in-OWL-Bezirkskonferenz_DT_23-03-2018-Teil-2.pdf\">(Teil2)<\/a> <a href=\"https:\/\/www.bezirkskonferenz-naturschutz.de\/wp-content\/uploads\/2018\/03\/Referat-Umsetzung-der-Wasserrahmenrichtlinie-in-OWL-Bezirkskonferenz_DT_23-03-2018-Teil-3.pdf\">(Teil3)<\/a><\/li>\n<\/ul>\n<hr id=\"Ziel5\" \/>\n<p><strong>Resolutionen und Beschl\u00fcsse<\/strong><\/p>\n<ul>\n<li>Resolution zum geplanten Neubau der B 239 n <a href=\"https:\/\/www.bezirkskonferenz-naturschutz.de\/wp-content\/uploads\/2018\/03\/1Resolution-zur-B-239n-im-Kreis-Lippe.pdf\">(pdf)<\/a><\/li>\n<li>Resolution zur Wiedereinf\u00fchrung der \u201eStabsstelle Umwelt- und Verbraucherkriminalit\u00e4t NRW\u201c <a href=\"https:\/\/www.bezirkskonferenz-naturschutz.de\/wp-content\/uploads\/2018\/03\/3-Beschluss-Stabsstelle-Umweltkriminalit\u00e4t.pdf\">(pdf)<\/a><\/li>\n<li>Resolution zur Umsetzung des Bundesprogramms &#8222;Blaues Band Deutschland&#8220; <a href=\"https:\/\/www.bezirkskonferenz-naturschutz.de\/wp-content\/uploads\/2018\/03\/2-a-Resolutionzur-Umsetzung-des-Bundesprogramms-Blaues-Band-an-der-Oberweser-Stand-23-03-2018.pdf\">(pdf)<\/a><\/li>\n<li>Beschluss zu einem Regionale-Projekt Oberweser <a href=\"https:\/\/www.bezirkskonferenz-naturschutz.de\/wp-content\/uploads\/2018\/03\/2b-Resolution-Regionale-Projekt_Oberweser-Beschluss-23-03-2018.pdf\">(pdf)<\/a><\/li>\n<li>Resolution zur Naturerbe-konformen Entwicklung der Bundeswaldfl\u00e4chen auf dem Truppen\u00fcbungsplatz Senne <a href=\"https:\/\/www.bezirkskonferenz-naturschutz.de\/wp-content\/uploads\/2018\/03\/5-Resolution-zur-Naturerbe-konformen-Entwicklung-der-Bundeswaldfl\u00e4chen-T\u00dcP-Senne.pdf\">(pdf)<\/a><\/li>\n<li>4 Fragen an Landesumweltministerin Schulze F\u00f6cking zur Verseuchung von Gew\u00e4ssern mit multiresistenten Keimen <a href=\"https:\/\/www.bezirkskonferenz-naturschutz.de\/wp-content\/uploads\/2018\/03\/4-Fragen-an-die-Landesumweltministerin-wg-multiresistenter-Keime-in-Gew\u00e4ssern.pdf\">(pdf)<\/a><\/li>\n<li>Resolution zum Scopingverfahren zur geplanten \u00c4nderung des Landesentwicklungsplanes Nordrhein-Westfalen<a href=\"https:\/\/www.bezirkskonferenz-naturschutz.de\/wp-content\/uploads\/2018\/03\/6-a-Resolution-LEP-Scoping.pdf\"> (pdf)<\/a> und Stellungnahme <a href=\"https:\/\/www.bezirkskonferenz-naturschutz.de\/wp-content\/uploads\/2018\/03\/6-b-Resolution-LEP-Scoping-Anlage.pdf\">(pdf)<\/a><\/li>\n<li>Resolution zur Fortf\u00fchrung des Wassernetz NRW mit ausreichender Personalausstattung\u00a0 <a href=\"https:\/\/www.bezirkskonferenz-naturschutz.de\/wp-content\/uploads\/2018\/03\/7-Resolution_Personal_Wassernetz.pdf\">(pdf)<\/a><\/li>\n<\/ul>\n<p><a href=\"#anfangderseite\">nach oben<\/a><\/p>\n","protected":false},"excerpt":{"rendered":"<p>Konferenzthemen Info zur Tagung Infos f\u00fcr die Medien Bericht des Sprechers Das Verschwinden der Insekten &#8211; Beobachtungen, Ursachen und L\u00f6sungsans\u00e4tze Umsetzung der Wasserrahmenrichtlinie Resolutionen und Beschl\u00fcsse Weitere Themen Info zur Tagung Wegbeschreibung (pdf) Tagungsablauf Infos f\u00fcr die Medien Presseerkl\u00e4rung nach &hellip; <a href=\"https:\/\/www.bezirkskonferenz-naturschutz.de\/?page_id=366\">Weiterlesen <span class=\"meta-nav\">&rarr;<\/span><\/a><\/p>\n","protected":false},"author":2,"featured_media":0,"parent":865,"menu_order":0,"comment_status":"closed","ping_status":"closed","template":"","meta":{"footnotes":""},"class_list":["post-366","page","type-page","status-publish","hentry"],"_links":{"self":[{"href":"https:\/\/www.bezirkskonferenz-naturschutz.de\/index.php?rest_route=\/wp\/v2\/pages\/366"}],"collection":[{"href":"https:\/\/www.bezirkskonferenz-naturschutz.de\/index.php?rest_route=\/wp\/v2\/pages"}],"about":[{"href":"https:\/\/www.bezirkskonferenz-naturschutz.de\/index.php?rest_route=\/wp\/v2\/types\/page"}],"author":[{"embeddable":true,"href":"https:\/\/www.bezirkskonferenz-naturschutz.de\/index.php?rest_route=\/wp\/v2\/users\/2"}],"replies":[{"embeddable":true,"href":"https:\/\/www.bezirkskonferenz-naturschutz.de\/index.php?rest_route=%2Fwp%2Fv2%2Fcomments&post=366"}],"version-history":[{"count":58,"href":"https:\/\/www.bezirkskonferenz-naturschutz.de\/index.php?rest_route=\/wp\/v2\/pages\/366\/revisions"}],"predecessor-version":[{"id":869,"href":"https:\/\/www.bezirkskonferenz-naturschutz.de\/index.php?rest_route=\/wp\/v2\/pages\/366\/revisions\/869"}],"up":[{"embeddable":true,"href":"https:\/\/www.bezirkskonferenz-naturschutz.de\/index.php?rest_route=\/wp\/v2\/pages\/865"}],"wp:attachment":[{"href":"https:\/\/www.bezirkskonferenz-naturschutz.de\/index.php?rest_route=%2Fwp%2Fv2%2Fmedia&parent=366"}],"curies":[{"name":"wp","href":"https:\/\/api.w.org\/{rel}","templated":true}]}}