{"id":35,"date":"2012-02-16T20:50:56","date_gmt":"2012-02-16T19:50:56","guid":{"rendered":"http:\/\/217.188.61.78\/?page_id=35"},"modified":"2024-07-27T09:13:29","modified_gmt":"2024-07-27T08:13:29","slug":"a33","status":"publish","type":"page","link":"https:\/\/www.bezirkskonferenz-naturschutz.de\/?page_id=35","title":{"rendered":"Verb\u00e4nde und Initiativen"},"content":{"rendered":"<p><strong>Verb\u00e4nde in der Region<\/strong><\/p>\n<p>Arbeitsgemeinschaft westf\u00e4lischer Entomologen e.V.<a href=\"http:\/\/www.nwv-bielefeld.de\/entomologie\">\u00a0<\/a><br \/>\n<a href=\"https:\/\/www.ag-westfaelischer-entomologen.de\/\">https:\/\/www.ag-westfaelischer-entomologen.de\/<\/a><\/p>\n<p>BUND Kreisgruppen Bielefeld<br \/>\naktiv f\u00fcr Umwelt- und Naturschutz in Bielefeld. Wir unterst\u00fctzen u.a. den Kampf gegen die L 712n in Bielefeld-Milse, die geplanten Verbreiterungen von Herforder Stra\u00dfe (B 61) und Grafenheider Stra\u00dfe (Bielefeld-Brake) sowie die geplante S\u00fcdumgehung Bielefeld-Ummeln (B 61). <a href=\"http:\/\/bielefeld.bund.net\/\">http:\/\/bielefeld.bund.net\/<\/a><\/p>\n<p>BUND Kreisgruppe Herford<br \/>\nKontakt: <a href=\"http:\/\/herford.bund.net\/\">http:\/\/herford.bund.net\/<\/a><\/p>\n<p>BUND Kreisgruppe Minden-L\u00fcbbecke<br \/>\nhttp<a href=\"http:\/\/minden-luebbecke.bund.net\/\">:\/\/minden-luebbecke.bund.net\/\u00a0<\/a><\/p>\n<p>BUND Kreisgruppe Lippe<br \/>\nhttps:\/\/<a href=\"https:\/\/www.bund-lippe.de\/\">www.bund-lippe.de\/<\/a><\/p>\n<h3>BUND-Kreisgruppe G\u00fctersloh <a href=\"http:\/\/www.bund-guetersloh.de\/\">http:\/\/www.bund-guetersloh.de\/<\/a><\/h3>\n<div><\/div>\n<h3>BUND-Kreisgruppe Paderborn <a href=\"http:\/\/paderborn.bund.net\/\">http:\/\/paderborn.bund.net\/<\/a><\/h3>\n<div><\/div>\n<h3>BUND-Kreisgruppe H\u00f6xter <a href=\"https:\/\/www.bund-hoexter.de\/\">https:\/\/www.bund-hoexter.de\/<\/a><\/h3>\n<p>BUND Lemgo<a href=\"http:\/\/www.bund-lemgo.de\/\"><em><br \/>\nhttp:\/\/www.bund-lemgo.de\/<\/em><\/a><\/p>\n<h3>NABU<\/h3>\n<p>Kreisgruppe Herford <a href=\"https:\/\/www.nabu-im-kreis-herford.de\/\">\u00a0 https:\/\/www.nabu-im-kreis-herford.de\/<\/a><\/p>\n<p>Kreisgruppe Minden-L\u00fcbbecke\u00a0\u00a0 <a href=\"https:\/\/www.nabu-minden-luebbecke.de\/\">https:\/\/www.nabu-minden-luebbecke.de\/<\/a><\/p>\n<p>Kreisgruppe Bielefeld\u00a0\u00a0 <a href=\"https:\/\/nabu-bielefeld.jimdo.com\/\">https:\/\/nabu-bielefeld.jimdo.com\/<\/a><\/p>\n<p>Kreisgruppe Lippe <a href=\"https:\/\/www.nabu-lippe.de\/\">\u00a0 https:\/\/www.nabu-lippe.de\/<\/a><\/p>\n<p>Kreisgruppe G\u00fctersloh\u00a0\u00a0 <a href=\"https:\/\/nabu-guetersloh.de\/\">https:\/\/nabu-guetersloh.de\/<\/a><\/p>\n<p>Kreisgruppe Paderborn\u00a0 <a href=\"https:\/\/www.nabu-paderborn.de\/\">https:\/\/www.nabu-paderborn.de\/<\/a><\/p>\n<p>Kreisgruppe H\u00f6xter <a href=\"https:\/\/www.nabu-hx.de\/\">https:\/\/www.nabu-hx.de\/<\/a><\/p>\n<p>Naturwissenschaftlicher Verein f\u00fcr Bielefeld und Umgebung e.V.<a href=\"http:\/\/www.nwv-bielefeld.de\/\"><br \/>\nwww.nwv-bielefeld.de<\/a><\/p>\n<p>Pro Gr\u00fcn Bielefeld e.V.<a href=\"http:\/\/www.progruen-ev.de\/\"><br \/>\nwww.progruen-ev.de<\/a><\/p>\n<p>Gemeinn\u00fctziger Umweltschutzverein pro gr\u00fcn e.V. Paderborn<br \/>\n<a href=\"http:\/\/www.progruen-paderborn.de\" target=\"_blank\" rel=\"noopener noreferrer\">www.progruen-paderborn.de<\/a><\/p>\n<p>GNU im Kreis G\u00fctersloh e.V.<a href=\"http:\/\/www.gnu-gt.de\/\"><br \/>\nwww.gnu-gt.de<\/a><\/p>\n<p>Lippischen Heimatbund, Fachstelle Umweltschutz und Landschaftspflege <a href=\"http:\/\/www.lippischer-heimatbund.de\/\">www.lippischer-heimatbund.de<\/a><\/p>\n<p>Bielefelder NaturSchule<br \/>\n<a href=\"http:\/\/www.bielefelder-naturschule.de\/\">http:\/\/www.bielefelder-naturschule.de\/<\/a><\/p>\n<p>Arbeitsgruppe Natur- und Umweltschutz Bad Oeynhausen<a href=\"http:\/\/www.ag-natur.de\/\"><br \/>\nhttp:\/\/www.ag-natur.de\/<\/a><\/p>\n<p>Arbeitsgemeinschaft Schleiereulenschutz im Altkreis Minden<a href=\"http:\/\/home.teleos-web.de\/bkies\/schleiereule\/welcome.html\"><br \/>\nhttp:\/\/home.teleos-web.de\/bkies\/schleiereule\/welcome.html<\/a><\/p>\n<p>LFA Fledermausschutz NRW<a href=\"http:\/\/www.fledermausschutz.de\/\"><br \/>\nhttp:\/\/www.fledermausschutz.de\/<\/a><\/p>\n<p>&nbsp;<\/p>\n<p><strong>Vogelbeobachtung<\/strong><\/p>\n<p>Eulenwelt &#8211; Eulen und K\u00e4uze (Webcams)<br \/>\n<a href=\"http:\/\/www.eulenwelt.de\/\">http:\/\/www.eulenwelt.de\/<\/a><\/p>\n<p>Sturmm\u00f6we &#8211; Vogelbeobachtung in OWL<br \/>\n<a href=\"http:\/\/www.sturmm\u00f6we.de\">http:\/\/www.sturmm\u00f6we.de<\/a><\/p>\n<p>&nbsp;<\/p>\n<p><strong>Initiativen in der Region<\/strong><\/p>\n<p>B\u00fcrgerinitiative pro Ilsetal e.V., Lemgo<a href=\"http:\/\/www.pro-ilsetal.de\/kontakt.htm\"><br \/>\nhttp:\/\/www.pro-ilsetal.de\/kontakt.htm<\/a><\/p>\n<p>Gemeinschaft f\u00fcr Naturschutz im Altkreis B\u00fcren e.V. (GfN)<a href=\"http:\/\/www.gfnev.de\/\"><br \/>\nhttp:\/\/www.gfnev.de\/<\/a><\/p>\n<p>&nbsp;<\/p>\n<p><strong>Biologische Stationen in der Region<\/strong><\/p>\n<p>Biologische Station G\u00fctersloh-Bielefeld<a href=\"http:\/\/www.biostation-gt-bi.de\/\"><br \/>\nhttp:\/\/www.biostation-gt-bi.de<\/a><\/p>\n<p>Biologische Station Ravensberg im Kreis Herford<a href=\"http:\/\/www.bshf.de\/index2.htm\"><br \/>\nhttp:\/\/www.bshf.de\/index2.htm<\/a><\/p>\n<p>Biologische Station Minden-L\u00fcbbecke e.V.<a href=\"http:\/\/www.biostation-ml.de\/\"><br \/>\nhttp:\/\/www.biostation-ml.de\/<\/a><\/p>\n<p>Biologische Station Kreis Paderborn &#8211; Senne e.V.<a href=\"http:\/\/www.bs-paderborn-senne.de\/\"><br \/>\nhttp:\/\/www.bs-paderborn-senne.de\/<\/a><\/p>\n<p>Biologische Station Lippe<a href=\"http:\/\/www.biologischestationlippe.de\/\"><br \/>\nhttp:\/\/www.biologischestationlippe.de\/<\/a><\/p>\n<p>Landschaftsstation im Kreis H\u00f6xter e.V.<a href=\"http:\/\/www.landschaftsstation.de\/\"><br \/>\nhttp:\/\/www.landschaftsstation.de\/<\/a><\/p>\n<p>&nbsp;<\/p>\n<p><strong>Weitere Umweltbildungseinrichtungen<\/strong><\/p>\n<p>Biologiezentrum Bustedt Ostwestfalen-Lippe e.V.<a href=\"http:\/\/www.gutbustedt.de\/\"><br \/>\nhttp:\/\/www.gutbustedt.de\/<\/a><\/p>\n<p>Umweltzentrum Heerser M\u00fchle e.V.Bad Salzuflen<a href=\"http:\/\/www.heerser-muehle.de\/\"><br \/>\nhttp:\/\/www.heerser-muehle.de\/<\/a><\/p>\n<p>&nbsp;<\/p>\n<p><strong>Naturschutzgebiete in Ostwestfalen-Lippe<\/strong><\/p>\n<p>Bezirksregierung Detmold<br \/>\n<a href=\"https:\/\/www.bezreg-detmold.nrw.de\/400_WirUeberUns\/030_Die_Behoerde\/040_Organisation\/050_Abteilung_5\/010_Dezernat_51\/015_Naturschutzgebiete\/index.php\">https:\/\/www.bezreg-detmold.nrw.de\/400_WirUeberUns\/030_Die_Behoerde\/040_Organisation\/050_Abteilung_5\/010_Dezernat_51\/015_Naturschutzgebiete\/index.php<\/a><\/p>\n<p>&nbsp;<\/p>\n<p>&nbsp;<\/p>\n","protected":false},"excerpt":{"rendered":"<p>Verb\u00e4nde in der Region Arbeitsgemeinschaft westf\u00e4lischer Entomologen e.V.\u00a0 https:\/\/www.ag-westfaelischer-entomologen.de\/ BUND Kreisgruppen Bielefeld aktiv f\u00fcr Umwelt- und Naturschutz in Bielefeld. Wir unterst\u00fctzen u.a. den Kampf gegen die L 712n in Bielefeld-Milse, die geplanten Verbreiterungen von Herforder Stra\u00dfe (B 61) und Grafenheider &hellip; <a href=\"https:\/\/www.bezirkskonferenz-naturschutz.de\/?page_id=35\">Weiterlesen <span class=\"meta-nav\">&rarr;<\/span><\/a><\/p>\n","protected":false},"author":2,"featured_media":0,"parent":0,"menu_order":0,"comment_status":"open","ping_status":"closed","template":"","meta":{"footnotes":""},"class_list":["post-35","page","type-page","status-publish","hentry"],"_links":{"self":[{"href":"https:\/\/www.bezirkskonferenz-naturschutz.de\/index.php?rest_route=\/wp\/v2\/pages\/35"}],"collection":[{"href":"https:\/\/www.bezirkskonferenz-naturschutz.de\/index.php?rest_route=\/wp\/v2\/pages"}],"about":[{"href":"https:\/\/www.bezirkskonferenz-naturschutz.de\/index.php?rest_route=\/wp\/v2\/types\/page"}],"author":[{"embeddable":true,"href":"https:\/\/www.bezirkskonferenz-naturschutz.de\/index.php?rest_route=\/wp\/v2\/users\/2"}],"replies":[{"embeddable":true,"href":"https:\/\/www.bezirkskonferenz-naturschutz.de\/index.php?rest_route=%2Fwp%2Fv2%2Fcomments&post=35"}],"version-history":[{"count":11,"href":"https:\/\/www.bezirkskonferenz-naturschutz.de\/index.php?rest_route=\/wp\/v2\/pages\/35\/revisions"}],"predecessor-version":[{"id":748,"href":"https:\/\/www.bezirkskonferenz-naturschutz.de\/index.php?rest_route=\/wp\/v2\/pages\/35\/revisions\/748"}],"wp:attachment":[{"href":"https:\/\/www.bezirkskonferenz-naturschutz.de\/index.php?rest_route=%2Fwp%2Fv2%2Fmedia&parent=35"}],"curies":[{"name":"wp","href":"https:\/\/api.w.org\/{rel}","templated":true}]}}